{"id":9,"date":"2015-04-08T11:46:59","date_gmt":"2015-04-08T09:46:59","guid":{"rendered":"http:\/\/bfs-meinmakler.de\/?page_id=9"},"modified":"2022-03-30T15:40:56","modified_gmt":"2022-03-30T13:40:56","slug":"kontakt","status":"publish","type":"page","link":"http:\/\/bfs-meinmakler.de\/?page_id=9","title":{"rendered":"Kontakt"},"content":{"rendered":"<section class=\"wpb-content-wrapper\"><p>[vc_row][vc_column width=&#8220;1\/4&#8243;][vc_column_text]<strong>Ihr Ansprechpartner<\/strong><\/p>\n<p><img decoding=\"async\" loading=\"lazy\" class=\"alignnone size-full wp-image-35\" src=\"http:\/\/bfs-meinmakler.de\/wp-content\/uploads\/2015\/04\/lars-ohms.jpg\" alt=\"lars-ohms\" width=\"200\" height=\"290\" \/><a href=\"http:\/\/bfs-meinmakler.de\/wp-content\/uploads\/2015\/04\/lars-ohms.jpg\"><br \/>\n<\/a><\/p>\n<p>Lars Ohms<br \/>\nBFS Makler e.K.<br \/>\nBroistedter Str. 28<br \/>\n38268 Lengede<\/p>\n<p>Tel. 05344 &#8211; 96 92 50<br \/>\nMobil: 0160 &#8211; 7439565<br \/>\nFax 05344 &#8211; 96 92 51<\/p>\n<p><a href=\"mailto:L.Ohms@BFSMakler.de\">L.Ohms@BFSMakler.de<\/a>[\/vc_column_text][\/vc_column][vc_column width=&#8220;1\/4&#8243;][vc_column_text]<strong>Pers\u00f6nlicher Kontakt<\/strong><\/p>\n<p>Da nichts ein pers\u00f6nliches Gespr\u00e4ch ersetzen kann, w\u00fcrde es uns sehr freuen, wenn Sie sich bei uns melden.<\/p>\n<p>Schreiben Sie uns, rufen Sie uns an oder besuchen Sie uns in unserem B\u00fcro. Wenn Sie m\u00f6chten, kommen wir auch gerne zu Ihnen nach Hause.<\/p>\n<p>Alles kein Problem und alles gerne.[\/vc_column_text][\/vc_column][vc_column width=&#8220;1\/2&#8243;][\/vc_column][\/vc_row]<\/p>\n<\/section>","protected":false},"excerpt":{"rendered":"<p>[vc_row][vc_column width=&#8220;1\/4&#8243;][vc_column_text]Ihr Ansprechpartner Lars Ohms BFS Makler e.K. Broistedter Str. 28 38268 Lengede Tel. 05344 &#8211; 96 92 50 Mobil: [&hellip;]<\/p>\n","protected":false},"author":1,"featured_media":0,"parent":0,"menu_order":0,"comment_status":"open","ping_status":"open","template":"","meta":{"footnotes":""},"_links":{"self":[{"href":"http:\/\/bfs-meinmakler.de\/index.php?rest_route=\/wp\/v2\/pages\/9"}],"collection":[{"href":"http:\/\/bfs-meinmakler.de\/index.php?rest_route=\/wp\/v2\/pages"}],"about":[{"href":"http:\/\/bfs-meinmakler.de\/index.php?rest_route=\/wp\/v2\/types\/page"}],"author":[{"embeddable":true,"href":"http:\/\/bfs-meinmakler.de\/index.php?rest_route=\/wp\/v2\/users\/1"}],"replies":[{"embeddable":true,"href":"http:\/\/bfs-meinmakler.de\/index.php?rest_route=%2Fwp%2Fv2%2Fcomments&post=9"}],"version-history":[{"count":17,"href":"http:\/\/bfs-meinmakler.de\/index.php?rest_route=\/wp\/v2\/pages\/9\/revisions"}],"predecessor-version":[{"id":126,"href":"http:\/\/bfs-meinmakler.de\/index.php?rest_route=\/wp\/v2\/pages\/9\/revisions\/126"}],"wp:attachment":[{"href":"http:\/\/bfs-meinmakler.de\/index.php?rest_route=%2Fwp%2Fv2%2Fmedia&parent=9"}],"curies":[{"name":"wp","href":"https:\/\/api.w.org\/{rel}","templated":true}]}}